{"id":8,"date":"2019-06-05T14:43:26","date_gmt":"2019-06-05T12:43:26","guid":{"rendered":"https:\/\/www.mh-essen.de\/cms\/?page_id=8"},"modified":"2019-08-09T20:44:01","modified_gmt":"2019-08-09T18:44:01","slug":"impressum","status":"publish","type":"page","link":"https:\/\/www.mh-essen.de\/cms\/index.php\/impressum\/","title":{"rendered":"Impressum"},"content":{"rendered":"\r\n<p>Die Urheberrechte der dargestellten Fotos liegen beim Inhaber dieser Web-Site.<br>Eine Haftung oder Garantie f\u00fcr die Richtigkeit, Vollst\u00e4ndigkeit und Aktualit\u00e4t der m\u00f6glicherweise bereitgestellten Informationen ist ausgeschlossen. Die ver\u00f6ffentlichten Links wurden mit gr\u00f6\u00dftm\u00f6glicher Sorgfalt recherchiert und zusammengestellt. Der Verantwortliche f\u00fcr diese Web-Site hat keinen Einfluss auf die Gestaltung und die Inhalte der verlinkten Web-Sites und ist hierf\u00fcr nicht verantwortlich.<\/p>\r\n\r\n\r\n\r\n<p><br><br><strong>Inhaber der Web-Site und verantwortlich f\u00fcr deren Inhalt:<br><br>Michael Hein<br>Am Stadtgarten 9<br>45276 Essen<br><\/strong><strong><br><a href=\"mailto:Michael.Hein@mh-essen.de\">Michael.Hein@mh-essen.de<\/a><\/strong><\/p>\r\n","protected":false},"excerpt":{"rendered":"<p>Die Urheberrechte der dargestellten Fotos liegen beim Inhaber dieser Web-Site.Eine Haftung oder Garantie f\u00fcr die Richtigkeit, Vollst\u00e4ndigkeit und Aktualit\u00e4t der m\u00f6glicherweise bereitgestellten Informationen ist ausgeschlossen. Die ver\u00f6ffentlichten Links wurden mit gr\u00f6\u00dftm\u00f6glicher Sorgfalt recherchiert und zusammengestellt. Der Verantwortliche f\u00fcr diese Web-Site hat keinen Einfluss auf die Gestaltung und die Inhalte der verlinkten Web-Sites und ist hierf\u00fcr&#8230;<\/p>\n","protected":false},"author":1,"featured_media":0,"parent":0,"menu_order":0,"comment_status":"closed","ping_status":"closed","template":"","meta":{"ngg_post_thumbnail":0,"footnotes":""},"class_list":["post-8","page","type-page","status-publish","hentry"],"_links":{"self":[{"href":"https:\/\/www.mh-essen.de\/cms\/index.php\/wp-json\/wp\/v2\/pages\/8"}],"collection":[{"href":"https:\/\/www.mh-essen.de\/cms\/index.php\/wp-json\/wp\/v2\/pages"}],"about":[{"href":"https:\/\/www.mh-essen.de\/cms\/index.php\/wp-json\/wp\/v2\/types\/page"}],"author":[{"embeddable":true,"href":"https:\/\/www.mh-essen.de\/cms\/index.php\/wp-json\/wp\/v2\/users\/1"}],"replies":[{"embeddable":true,"href":"https:\/\/www.mh-essen.de\/cms\/index.php\/wp-json\/wp\/v2\/comments?post=8"}],"version-history":[{"count":0,"href":"https:\/\/www.mh-essen.de\/cms\/index.php\/wp-json\/wp\/v2\/pages\/8\/revisions"}],"wp:attachment":[{"href":"https:\/\/www.mh-essen.de\/cms\/index.php\/wp-json\/wp\/v2\/media?parent=8"}],"curies":[{"name":"wp","href":"https:\/\/api.w.org\/{rel}","templated":true}]}}